{"id":511,"date":"2026-03-31T20:22:49","date_gmt":"2026-03-31T18:22:49","guid":{"rendered":"https:\/\/bedroom24.eu\/?post_type=product&#038;p=511"},"modified":"2026-03-31T20:22:49","modified_gmt":"2026-03-31T18:22:49","slug":"bibi","status":"publish","type":"product","link":"https:\/\/bedroom24.eu\/index.php\/produkt\/bibi\/","title":{"rendered":"BIBI"},"content":{"rendered":"<p>Mi\u0119kko\u015b\u0107, kt\u00f3r\u0105 wida\u0107 od pierwszego spojrzenia. Komfort, kt\u00f3ry czujesz od pierwszej chwili.<\/p>\n<p>BIBI to sofa, kt\u00f3ra nie udaje. Ona naprawd\u0119 otula. Jej rze\u017abiarska forma, zbudowana z wyra\u017anych, mi\u0119kkich modu\u0142\u00f3w, przyci\u0105ga wzrok i nadaje wn\u0119trzu charakteru. To po\u0142\u0105czenie designu i funkcji, kt\u00f3re nie pod\u0105\u017ca za trendami. Ono je wyprzedza.<\/p>\n<p>G\u0142\u0119bokie, spr\u0119\u017cyste siedzisko oraz mi\u0119kkie oparcie tworz\u0105 przestrze\u0144, w kt\u00f3rej chcesz zosta\u0107 d\u0142u\u017cej. To nie jest sofa do siedzenia. To sofa do \u017cycia. Do rozm\u00f3w, odpoczynku i bycia tu i teraz.<\/p>\n<p>Tapicerka o wyra\u017anej, przyjemnej strukturze dodaje jej naturalno\u015bci i ciep\u0142a, a zaokr\u0105glone formy wprowadzaj\u0105 do wn\u0119trza spok\u00f3j i lekko\u015b\u0107.<\/p>\n<p>Ka\u017cdy element zosta\u0142 dopracowany r\u0119cznie, z dba\u0142o\u015bci\u0105 o proporcje, komfort i trwa\u0142o\u015b\u0107.<\/p>\n<p>BIBI to wyb\u00f3r dla os\u00f3b, kt\u00f3re ceni\u0105 jako\u015b\u0107 ponad ilo\u015b\u0107, szukaj\u0105 ponadczasowego designu i chc\u0105 stworzy\u0107 wn\u0119trze, kt\u00f3re naprawd\u0119 koi.<\/p>\n<p>To nie jest tylko mebel.<\/p>\n<p>To miejsce, do kt\u00f3rego wracasz.<\/p>\n<p>Pojemnik: tak<br \/>\nFunkcja spania okazjonalnego: tak<br \/>\nPoduchy oparciowe: tak<br \/>\nPoduchy okr\u0105g\u0142e: tak (2sztuki)<\/p>\n","protected":false},"excerpt":{"rendered":"<p>Mi\u0119kko\u015b\u0107, kt\u00f3r\u0105 wida\u0107 od pierwszego spojrzenia. Komfort, kt\u00f3ry czujesz od pierwszej chwili.<\/p>\n<p>BIBI to sofa, kt\u00f3ra nie udaje. Ona naprawd\u0119 otula. Jej rze\u017abiarska forma, zbudowana z wyra\u017anych, mi\u0119kkich modu\u0142\u00f3w, przyci\u0105ga wzrok i nadaje wn\u0119trzu charakteru. To po\u0142\u0105czenie designu i funkcji, kt\u00f3re nie pod\u0105\u017ca za trendami. Ono je wyprzedza.<\/p>\n<p>G\u0142\u0119bokie, spr\u0119\u017cyste siedzisko oraz mi\u0119kkie oparcie tworz\u0105 przestrze\u0144, w kt\u00f3rej chcesz zosta\u0107 d\u0142u\u017cej. To nie jest sofa do siedzenia. To sofa do \u017cycia. Do rozm\u00f3w, odpoczynku i bycia tu i teraz.<\/p>\n<p>Tapicerka o wyra\u017anej, przyjemnej strukturze dodaje jej naturalno\u015bci i ciep\u0142a, a zaokr\u0105glone formy wprowadzaj\u0105 do wn\u0119trza spok\u00f3j i lekko\u015b\u0107.<\/p>\n<p>Ka\u017cdy element zosta\u0142 dopracowany r\u0119cznie, z dba\u0142o\u015bci\u0105 o proporcje, komfort i trwa\u0142o\u015b\u0107.<\/p>\n<p>BIBI to wyb\u00f3r dla os\u00f3b, kt\u00f3re ceni\u0105 jako\u015b\u0107 ponad ilo\u015b\u0107, szukaj\u0105 ponadczasowego designu i chc\u0105 stworzy\u0107 wn\u0119trze, kt\u00f3re naprawd\u0119 koi.<\/p>\n<p>To nie jest tylko mebel.<\/p>\n<p>To miejsce, do kt\u00f3rego wracasz.<\/p>\n","protected":false},"featured_media":524,"comment_status":"open","ping_status":"closed","template":"","meta":[],"product_brand":[],"product_cat":[19],"product_tag":[],"class_list":{"0":"post-511","1":"product","2":"type-product","3":"status-publish","4":"has-post-thumbnail","6":"product_cat-bez-kategorii","8":"first","9":"instock","10":"taxable","11":"shipping-taxable","12":"purchasable","13":"product-type-variable"},"jetpack_sharing_enabled":true,"_links":{"self":[{"href":"https:\/\/bedroom24.eu\/index.php\/wp-json\/wp\/v2\/product\/511","targetHints":{"allow":["GET"]}}],"collection":[{"href":"https:\/\/bedroom24.eu\/index.php\/wp-json\/wp\/v2\/product"}],"about":[{"href":"https:\/\/bedroom24.eu\/index.php\/wp-json\/wp\/v2\/types\/product"}],"replies":[{"embeddable":true,"href":"https:\/\/bedroom24.eu\/index.php\/wp-json\/wp\/v2\/comments?post=511"}],"wp:featuredmedia":[{"embeddable":true,"href":"https:\/\/bedroom24.eu\/index.php\/wp-json\/wp\/v2\/media\/524"}],"wp:attachment":[{"href":"https:\/\/bedroom24.eu\/index.php\/wp-json\/wp\/v2\/media?parent=511"}],"wp:term":[{"taxonomy":"product_brand","embeddable":true,"href":"https:\/\/bedroom24.eu\/index.php\/wp-json\/wp\/v2\/product_brand?post=511"},{"taxonomy":"product_cat","embeddable":true,"href":"https:\/\/bedroom24.eu\/index.php\/wp-json\/wp\/v2\/product_cat?post=511"},{"taxonomy":"product_tag","embeddable":true,"href":"https:\/\/bedroom24.eu\/index.php\/wp-json\/wp\/v2\/product_tag?post=511"}],"curies":[{"name":"wp","href":"https:\/\/api.w.org\/{rel}","templated":true}]}}