{"id":426,"date":"2026-02-05T23:03:51","date_gmt":"2026-02-05T22:03:51","guid":{"rendered":"https:\/\/bedroom24.eu\/?post_type=product&#038;p=426"},"modified":"2026-03-23T12:17:41","modified_gmt":"2026-03-23T11:17:41","slug":"fluffy","status":"publish","type":"product","link":"https:\/\/bedroom24.eu\/index.php\/produkt\/fluffy\/","title":{"rendered":"Fluffy"},"content":{"rendered":"<p><strong>\u0141\u00f3\u017cko tapicerowane Fluffy.<\/strong><\/p>\n<p>\u0141\u00f3\u017cko, kt\u00f3re \u0142\u0105czy mi\u0119kk\u0105 architektur\u0119 z ponadczasowym minimalizmem. Harmonijne proporcje, ob\u0142e formy i luksusowa tkanina tworz\u0105 przestrze\u0144, w kt\u00f3rej cia\u0142o naprawd\u0119 odpoczywa. Subtelna elegancja, kt\u00f3ra koi zmys\u0142y ka\u017cdego dnia.<\/p>\n<p><strong>Wymiary<\/strong><\/p>\n<p>Powierzchnia spania: 140\/200 ,160\/200,180\/200,200\/200cm<br \/>\nSzeroko\u015b\u0107 ca\u0142kowita: + 8 do wymiaru<br \/>\nD\u0142ugo\u015b\u0107 ca\u0142kowita 215cm<br \/>\nWysoko\u015b\u0107 zag\u0142owia 110<br \/>\nGrubo\u015b\u0107 zag\u0142owia 13<br \/>\nWysoko\u015b\u0107 skrzyni wraz z materacem 50 cm<\/p>\n<p><strong>Dane techniczne<\/strong><br \/>\n\u0141\u00f3\u017cko ze zintegrowanym materacem<br \/>\nMaterac w cenie-tak<br \/>\nPojemnik na po\u015bciel-tak<br \/>\nWykonanie szkieletu: P\u0142yta meblowa, Drewno<\/p>\n","protected":false},"excerpt":{"rendered":"<p>\u0141\u00f3\u017cko tapicerowane fluffy.<\/p>\n<p>\u0141\u00f3\u017cko, kt\u00f3re \u0142\u0105czy mi\u0119kk\u0105 architektur\u0119 z ponadczasowym minimalizmem. Harmonijne proporcje, ob\u0142e formy i luksusowa tkanina tworz\u0105 przestrze\u0144, w kt\u00f3rej cia\u0142o naprawd\u0119 odpoczywa. Subtelna elegancja, kt\u00f3ra koi zmys\u0142y ka\u017cdego dnia.<\/p>\n","protected":false},"featured_media":498,"comment_status":"open","ping_status":"closed","template":"","meta":[],"product_brand":[],"product_cat":[19],"product_tag":[],"class_list":{"0":"post-426","1":"product","2":"type-product","3":"status-publish","4":"has-post-thumbnail","6":"product_cat-bez-kategorii","8":"first","9":"instock","10":"taxable","11":"shipping-taxable","12":"purchasable","13":"product-type-variable"},"jetpack_sharing_enabled":true,"_links":{"self":[{"href":"https:\/\/bedroom24.eu\/index.php\/wp-json\/wp\/v2\/product\/426","targetHints":{"allow":["GET"]}}],"collection":[{"href":"https:\/\/bedroom24.eu\/index.php\/wp-json\/wp\/v2\/product"}],"about":[{"href":"https:\/\/bedroom24.eu\/index.php\/wp-json\/wp\/v2\/types\/product"}],"replies":[{"embeddable":true,"href":"https:\/\/bedroom24.eu\/index.php\/wp-json\/wp\/v2\/comments?post=426"}],"wp:featuredmedia":[{"embeddable":true,"href":"https:\/\/bedroom24.eu\/index.php\/wp-json\/wp\/v2\/media\/498"}],"wp:attachment":[{"href":"https:\/\/bedroom24.eu\/index.php\/wp-json\/wp\/v2\/media?parent=426"}],"wp:term":[{"taxonomy":"product_brand","embeddable":true,"href":"https:\/\/bedroom24.eu\/index.php\/wp-json\/wp\/v2\/product_brand?post=426"},{"taxonomy":"product_cat","embeddable":true,"href":"https:\/\/bedroom24.eu\/index.php\/wp-json\/wp\/v2\/product_cat?post=426"},{"taxonomy":"product_tag","embeddable":true,"href":"https:\/\/bedroom24.eu\/index.php\/wp-json\/wp\/v2\/product_tag?post=426"}],"curies":[{"name":"wp","href":"https:\/\/api.w.org\/{rel}","templated":true}]}}