{"id":373,"date":"2026-02-05T22:16:18","date_gmt":"2026-02-05T21:16:18","guid":{"rendered":"https:\/\/bedroom24.eu\/?post_type=product&#038;p=373"},"modified":"2026-03-23T12:03:18","modified_gmt":"2026-03-23T11:03:18","slug":"maudi","status":"publish","type":"product","link":"https:\/\/bedroom24.eu\/index.php\/produkt\/maudi\/","title":{"rendered":"Maudi"},"content":{"rendered":"<p><strong>Maudi \u2013 esencja nowoczesnego luksusu.<\/strong><\/p>\n<p>Organiczne, mi\u0119kko uk\u0142adaj\u0105ce si\u0119 linie i subtelnie marszczona tkanina tworz\u0105 efekt naturalnej elegancji, kt\u00f3ry natychmiast przyci\u0105ga wzrok. Harmonijna forma, inspirowana spokojem resortowych wn\u0119trz, otula cia\u0142o i zmys\u0142y, wprowadzaj\u0105c do sypialni atmosfer\u0119 wyciszenia i wysokiej estetyki.<\/p>\n<p>To \u0142\u00f3\u017cko dla tych, kt\u00f3rzy ceni\u0105 design, komfort i ponadczasowy styl &#8211; w jednej dopracowanej do perfekcji formie.<\/p>\n<p>Inne \u0142\u00f3\u017cka maj\u0105 ty\u0142 obity czarn\u0105 techniczn\u0105 tkanin\u0105 i wymagaj\u0105 dosuni\u0119cia do \u015bciany. \u0141\u00f3\u017cko Maudi wyr\u00f3\u017cnia si\u0119 w pe\u0142ni tapicerowanym, eleganckim ty\u0142em, dzi\u0119ki czemu mo\u017ce sta\u0107 nawet kilka metr\u00f3w od \u015bciany ,przy przeszkoleniach -wygl\u0105da z ka\u017cdej strony jak dopracowany, luksusowy mebel.<\/p>\n<p><strong>Wymiary<\/strong><\/p>\n<p>Wysoko\u015b\u0107 zag\u0142owia 75<br \/>\nGrubo\u015b\u0107 zag\u0142owia 25<\/p>\n<p>Lagi boczne<br \/>\nWysoko\u015b\u0107 lag 40<br \/>\nGrubo\u015b\u0107 lag 20<\/p>\n<p>Przodek<br \/>\nWysoko\u015b\u0107 40<br \/>\nGrubo\u015b\u0107 20<\/p>\n<p>Szeroko\u015b\u0107 \u0142\u00f3\u017cka ca\u0142kowita+ 40 cm \u0142\u0105cznie do wymiaru<\/p>\n<p>D\u0142ugo\u015b\u0107 ca\u0142kowita l\u00f3\u017cka 245<\/p>\n<p><strong>Dane techniczne<\/strong><br \/>\nUltra mocny stela\u017c metalowy 47 listew -tak<br \/>\nPojemnik na po\u015bciel-tak<br \/>\nWykonanie szkieletu: P\u0142yta meblowa, Drewno<br \/>\nMaterac w cenie &#8211; nie<\/p>\n","protected":false},"excerpt":{"rendered":"<p>Maudi \u2013 esencja nowoczesnego luksusu.<\/p>\n<p>Organiczne, mi\u0119kko uk\u0142adaj\u0105ce si\u0119 linie i subtelnie marszczona tkanina tworz\u0105 efekt naturalnej elegancji, kt\u00f3ry natychmiast przyci\u0105ga wzrok. Harmonijna forma, inspirowana spokojem resortowych wn\u0119trz, otula cia\u0142o i zmys\u0142y, wprowadzaj\u0105c do sypialni atmosfer\u0119 wyciszenia i wysokiej estetyki.<\/p>\n<p>To \u0142\u00f3\u017cko dla tych, kt\u00f3rzy ceni\u0105 design, komfort i ponadczasowy styl &#8211; w jednej dopracowanej do perfekcji formie.<\/p>\n<p>Inne \u0142\u00f3\u017cka maj\u0105 ty\u0142 obity czarn\u0105 techniczn\u0105 tkanin\u0105 i wymagaj\u0105 dosuni\u0119cia do \u015bciany. \u0141\u00f3\u017cko Maudi wyr\u00f3\u017cnia si\u0119 w pe\u0142ni tapicerowanym, eleganckim ty\u0142em, dzi\u0119ki czemu mo\u017ce sta\u0107 nawet kilka metr\u00f3w od \u015bciany ,przy przeszkoleniach -wygl\u0105da z ka\u017cdej strony jak dopracowany, luksusowy mebel.<\/p>\n","protected":false},"featured_media":386,"comment_status":"open","ping_status":"closed","template":"","meta":[],"product_brand":[],"product_cat":[19],"product_tag":[],"class_list":{"0":"post-373","1":"product","2":"type-product","3":"status-publish","4":"has-post-thumbnail","6":"product_cat-bez-kategorii","8":"first","9":"instock","10":"taxable","11":"shipping-taxable","12":"purchasable","13":"product-type-variable"},"jetpack_sharing_enabled":true,"_links":{"self":[{"href":"https:\/\/bedroom24.eu\/index.php\/wp-json\/wp\/v2\/product\/373","targetHints":{"allow":["GET"]}}],"collection":[{"href":"https:\/\/bedroom24.eu\/index.php\/wp-json\/wp\/v2\/product"}],"about":[{"href":"https:\/\/bedroom24.eu\/index.php\/wp-json\/wp\/v2\/types\/product"}],"replies":[{"embeddable":true,"href":"https:\/\/bedroom24.eu\/index.php\/wp-json\/wp\/v2\/comments?post=373"}],"wp:featuredmedia":[{"embeddable":true,"href":"https:\/\/bedroom24.eu\/index.php\/wp-json\/wp\/v2\/media\/386"}],"wp:attachment":[{"href":"https:\/\/bedroom24.eu\/index.php\/wp-json\/wp\/v2\/media?parent=373"}],"wp:term":[{"taxonomy":"product_brand","embeddable":true,"href":"https:\/\/bedroom24.eu\/index.php\/wp-json\/wp\/v2\/product_brand?post=373"},{"taxonomy":"product_cat","embeddable":true,"href":"https:\/\/bedroom24.eu\/index.php\/wp-json\/wp\/v2\/product_cat?post=373"},{"taxonomy":"product_tag","embeddable":true,"href":"https:\/\/bedroom24.eu\/index.php\/wp-json\/wp\/v2\/product_tag?post=373"}],"curies":[{"name":"wp","href":"https:\/\/api.w.org\/{rel}","templated":true}]}}