{"id":342,"date":"2026-02-05T21:47:23","date_gmt":"2026-02-05T20:47:23","guid":{"rendered":"https:\/\/bedroom24.eu\/?post_type=product&#038;p=342"},"modified":"2026-03-23T12:01:08","modified_gmt":"2026-03-23T11:01:08","slug":"bodo","status":"publish","type":"product","link":"https:\/\/bedroom24.eu\/index.php\/produkt\/bodo\/","title":{"rendered":"Bodo"},"content":{"rendered":"<p><strong>\u0141\u00f3\u017cko Bodo<\/strong><\/p>\n<p>to po\u0142\u0105czenie nowoczesnej formy z mi\u0119kk\u0105, architektoniczn\u0105 lini\u0105. Jego charakterystyczne, pionowe panele tworz\u0105 efekt \u201eotulaj\u0105cej bry\u0142y\u201d, kt\u00f3ra nadaje sypialni wra\u017cenie harmonii, ciszy i spokojnego luksusu.<\/p>\n<p>Starannie zaprojektowane proporcje sprawiaj\u0105, \u017ce Bodo jest nie tylko efektowne, ale przede wszystkim komfortowe i przyjemne w codziennym u\u017cytkowaniu. Tapicerowana rama oraz zag\u0142owie i przodek wykonane s\u0105 z tkaniny o subtelnej strukturze, kt\u00f3ra dodaje projektowi g\u0142\u0119bi i wyrafinowania.<\/p>\n<p>Bodo to \u0142\u00f3\u017cko, kt\u00f3re tworzy atmosfer\u0119 mi\u0119kk\u0105, minimalistyczn\u0105 i koj\u0105c\u0105.<\/p>\n<p>Idealne do wn\u0119trz, w kt\u00f3rych liczy si\u0119 estetyka, sp\u00f3jno\u015b\u0107 i komfort.<\/p>\n<p><strong>Wymiary<\/strong><\/p>\n<p>Powierzchnia spania: 140\/200 ,160\/200,180\/200,200\/200cm<br \/>\nWysoko\u015b\u0107 zag\u0142owia 105<br \/>\nD\u0142ugo\u015b\u0107 zag\u0142owia + 35cm z ka\u017cdej strony do wymiaru \u0142\u00f3\u017cka<\/p>\n<p>Grubo\u015b\u0107 zag\u0142owia 18<br \/>\nWysoko\u015b\u0107 lag 40 cm<br \/>\nGrubo\u015b\u0107 lag 13 cm<\/p>\n<p>Wysoko\u015b\u0107 przodka 60<br \/>\nGrubo\u015b\u0107 przodka 23<\/p>\n<p><strong>Dane techniczne<\/strong><br \/>\nRodzaj stela\u017ca: metalowy Z podno\u015bnikiem gazowym<br \/>\nPojemnik na po\u015bciel-tak<br \/>\nWykonanie szkieletu: P\u0142yta meblowa, Drewno<br \/>\nW ka\u017cdym z \u0142\u00f3\u017cek piszemy tak\u0105 informacje pod wymiarami \u017ce tolerancja z uwagi na to \u017ce s\u0105 to \u0142\u00f3\u017cka tapicerowane r\u0119cznie wynosi +\/- 5 cm.<\/p>\n","protected":false},"excerpt":{"rendered":"<p>\u0141\u00f3\u017cko Bodo<\/p>\n<p>to po\u0142\u0105czenie nowoczesnej formy z mi\u0119kk\u0105, architektoniczn\u0105 lini\u0105. Jego charakterystyczne, pionowe panele tworz\u0105 efekt \u201eotulaj\u0105cej bry\u0142y\u201d, kt\u00f3ra nadaje sypialni wra\u017cenie harmonii, ciszy i spokojnego luksusu.<\/p>\n<p>Starannie zaprojektowane proporcje sprawiaj\u0105, \u017ce Bodo jest nie tylko efektowne, ale przede wszystkim komfortowe i przyjemne w codziennym u\u017cytkowaniu. Tapicerowana rama oraz zag\u0142owie i przodek wykonane s\u0105 z tkaniny o subtelnej strukturze, kt\u00f3ra dodaje projektowi g\u0142\u0119bi i wyrafinowania.<\/p>\n<p>Bodo to \u0142\u00f3\u017cko, kt\u00f3re tworzy atmosfer\u0119 mi\u0119kk\u0105, minimalistyczn\u0105 i koj\u0105c\u0105.<\/p>\n<p>Idealne do wn\u0119trz, w kt\u00f3rych liczy si\u0119 estetyka, sp\u00f3jno\u015b\u0107 i komfort.<\/p>\n","protected":false},"featured_media":367,"comment_status":"open","ping_status":"closed","template":"","meta":[],"product_brand":[],"product_cat":[19],"product_tag":[],"class_list":{"0":"post-342","1":"product","2":"type-product","3":"status-publish","4":"has-post-thumbnail","6":"product_cat-bez-kategorii","8":"first","9":"instock","10":"taxable","11":"shipping-taxable","12":"purchasable","13":"product-type-variable"},"jetpack_sharing_enabled":true,"_links":{"self":[{"href":"https:\/\/bedroom24.eu\/index.php\/wp-json\/wp\/v2\/product\/342","targetHints":{"allow":["GET"]}}],"collection":[{"href":"https:\/\/bedroom24.eu\/index.php\/wp-json\/wp\/v2\/product"}],"about":[{"href":"https:\/\/bedroom24.eu\/index.php\/wp-json\/wp\/v2\/types\/product"}],"replies":[{"embeddable":true,"href":"https:\/\/bedroom24.eu\/index.php\/wp-json\/wp\/v2\/comments?post=342"}],"wp:featuredmedia":[{"embeddable":true,"href":"https:\/\/bedroom24.eu\/index.php\/wp-json\/wp\/v2\/media\/367"}],"wp:attachment":[{"href":"https:\/\/bedroom24.eu\/index.php\/wp-json\/wp\/v2\/media?parent=342"}],"wp:term":[{"taxonomy":"product_brand","embeddable":true,"href":"https:\/\/bedroom24.eu\/index.php\/wp-json\/wp\/v2\/product_brand?post=342"},{"taxonomy":"product_cat","embeddable":true,"href":"https:\/\/bedroom24.eu\/index.php\/wp-json\/wp\/v2\/product_cat?post=342"},{"taxonomy":"product_tag","embeddable":true,"href":"https:\/\/bedroom24.eu\/index.php\/wp-json\/wp\/v2\/product_tag?post=342"}],"curies":[{"name":"wp","href":"https:\/\/api.w.org\/{rel}","templated":true}]}}